{"id":31,"date":"2013-06-23T16:47:52","date_gmt":"2013-06-23T16:47:52","guid":{"rendered":"http:\/\/xn--kirchspiel-hohenfrst-5ec.de\/?page_id=31"},"modified":"2014-02-17T11:07:03","modified_gmt":"2014-02-17T11:07:03","slug":"gastebuch","status":"publish","type":"page","link":"http:\/\/xn--kirchspiel-hohenfrst-5ec.de\/?page_id=31","title":{"rendered":"G\u00e4stebuch"},"content":{"rendered":"<p>Hier haben Sie die Gelegenheit, Ihre Fragen, Gedanken, Lob und Kritik zu \u00e4u\u00dfern. Ich freue mich auf Ihre Anregungen!<\/p>\n","protected":false},"excerpt":{"rendered":"<p>Hier haben Sie die Gelegenheit, Ihre Fragen, Gedanken, Lob und Kritik zu \u00e4u\u00dfern. Ich freue mich auf Ihre Anregungen!<\/p>\n","protected":false},"author":1,"featured_media":0,"parent":0,"menu_order":0,"comment_status":"open","ping_status":"open","template":"","meta":{"jetpack_post_was_ever_published":false,"footnotes":""},"jetpack_shortlink":"https:\/\/wp.me\/P3G0QK-v","jetpack_sharing_enabled":true,"jetpack-related-posts":[{"id":108,"url":"http:\/\/xn--kirchspiel-hohenfrst-5ec.de\/?page_id=108","url_meta":{"origin":31,"position":0},"title":"Datenschutzerkl\u00e4rung","author":"Admin","date":"04\/07\/2018","format":false,"excerpt":"Diese Datenschutzerkl\u00e4rung kl\u00e4rt Sie \u00fcber die Art, den Umfang und Zweck der Verarbeitung von personenbezogenen Daten (nachfolgend kurz \u201eDaten\u201c) innerhalb unseres Onlineangebotes und der mit ihm verbundenen Webseiten, Funktionen und Inhalte sowie externen Onlinepr\u00e4senzen, wie z.B. unser Social Media Profile auf (nachfolgend gemeinsam bezeichnet als \u201eOnlineangebot\u201c). Im Hinblick auf die\u2026","rel":"","context":"Similar post","block_context":{"text":"Similar post","link":""},"img":{"alt_text":"","src":"","width":0,"height":0},"classes":[]},{"id":14,"url":"http:\/\/xn--kirchspiel-hohenfrst-5ec.de\/?page_id=14","url_meta":{"origin":31,"position":1},"title":"Impressum","author":"Admin","date":"23\/06\/2013","format":false,"excerpt":"Angaben gem\u00e4\u00df \u00a7 5 TMG: Kreisgemeinschaft Heiligenbeil e. V. Tel.: 04821-84224 e-Mail: schmidt.ploessen@gmx.de Haftungsausschluss: Haftung f\u00fcr Inhalte Die Inhalte unserer Seiten wurden mit gr\u00f6\u00dfter Sorgfalt erstellt. F\u00fcr die Richtigkeit, Vollst\u00e4ndigkeit und Aktualit\u00e4t der Inhalte k\u00f6nnen wir jedoch keine Gew\u00e4hr \u00fcbernehmen. Als Diensteanbieter sind wir gem\u00e4\u00df \u00a7 7 Abs.1 TMG f\u00fcr\u2026","rel":"","context":"Similar post","block_context":{"text":"Similar post","link":""},"img":{"alt_text":"","src":"","width":0,"height":0},"classes":[]},{"id":8,"url":"http:\/\/xn--kirchspiel-hohenfrst-5ec.de\/","url_meta":{"origin":31,"position":2},"title":"Willkommen","author":"Admin","date":"23\/06\/2013","format":false,"excerpt":"Guten Tag, ich begr\u00fc\u00dfe Sie auf der Internetseite des Kirchspiels Hohenf\u00fcrst im Kreis Heiligenbeil. \u00a0 Ihre Kirchspielvertreterin Elke Ruhnke \u00a0 \u00a0 \u00a0 \u00a0 \u00a0 \u00a0 \u00a0 \u00a0 \u00a0","rel":"","context":"Similar post","block_context":{"text":"Similar post","link":""},"img":{"alt_text":"","src":"","width":0,"height":0},"classes":[]}],"_links":{"self":[{"href":"http:\/\/xn--kirchspiel-hohenfrst-5ec.de\/index.php?rest_route=\/wp\/v2\/pages\/31"}],"collection":[{"href":"http:\/\/xn--kirchspiel-hohenfrst-5ec.de\/index.php?rest_route=\/wp\/v2\/pages"}],"about":[{"href":"http:\/\/xn--kirchspiel-hohenfrst-5ec.de\/index.php?rest_route=\/wp\/v2\/types\/page"}],"author":[{"embeddable":true,"href":"http:\/\/xn--kirchspiel-hohenfrst-5ec.de\/index.php?rest_route=\/wp\/v2\/users\/1"}],"replies":[{"embeddable":true,"href":"http:\/\/xn--kirchspiel-hohenfrst-5ec.de\/index.php?rest_route=%2Fwp%2Fv2%2Fcomments&post=31"}],"version-history":[{"count":3,"href":"http:\/\/xn--kirchspiel-hohenfrst-5ec.de\/index.php?rest_route=\/wp\/v2\/pages\/31\/revisions"}],"predecessor-version":[{"id":64,"href":"http:\/\/xn--kirchspiel-hohenfrst-5ec.de\/index.php?rest_route=\/wp\/v2\/pages\/31\/revisions\/64"}],"wp:attachment":[{"href":"http:\/\/xn--kirchspiel-hohenfrst-5ec.de\/index.php?rest_route=%2Fwp%2Fv2%2Fmedia&parent=31"}],"curies":[{"name":"wp","href":"https:\/\/api.w.org\/{rel}","templated":true}]}}